{"id":172,"date":"2024-06-10T14:14:17","date_gmt":"2024-06-10T11:14:17","guid":{"rendered":"https:\/\/oldehansa.ee\/?page_id=172"},"modified":"2024-09-24T15:00:17","modified_gmt":"2024-09-24T12:00:17","slug":"privaatsuspoliitika","status":"publish","type":"page","link":"https:\/\/www.oldehansa.ee\/et\/privaatsuspoliitika\/","title":{"rendered":"Privaatsuspoliitika"},"content":{"rendered":"<div class=\"fusion-fullwidth fullwidth-box fusion-builder-row-1 fusion-flex-container has-pattern-background has-mask-background nonhundred-percent-fullwidth non-hundred-percent-height-scrolling\" style=\"--awb-border-radius-top-left:0px;--awb-border-radius-top-right:0px;--awb-border-radius-bottom-right:0px;--awb-border-radius-bottom-left:0px;--awb-flex-wrap:wrap;\" ><div class=\"fusion-builder-row fusion-row fusion-flex-align-items-center fusion-flex-justify-content-center fusion-flex-content-wrap\" style=\"max-width:1248px;margin-left: calc(-4% \/ 2 );margin-right: calc(-4% \/ 2 );\"><div class=\"fusion-layout-column fusion_builder_column fusion-builder-column-0 fusion_builder_column_5_6 5_6 fusion-flex-column\" style=\"--awb-bg-size:cover;--awb-width-large:83.333333333333%;--awb-margin-top-large:0px;--awb-spacing-right-large:2.304%;--awb-margin-bottom-large:0px;--awb-spacing-left-large:2.304%;--awb-width-medium:83.333333333333%;--awb-spacing-right-medium:2.304%;--awb-spacing-left-medium:2.304%;--awb-width-small:100%;--awb-spacing-right-small:1.92%;--awb-spacing-left-small:1.92%;\"><div class=\"fusion-column-wrapper fusion-flex-justify-content-flex-start fusion-content-layout-column\"><div class=\"fusion-title title fusion-title-1 fusion-no-small-visibility fusion-sep-none fusion-title-center fusion-title-text fusion-title-size-one\"><h1 class=\"fusion-title-heading title-heading-center fusion-responsive-typography-calculated\" style=\"margin:0;--fontSize:64;line-height:var(--awb-typography1-line-height);\">Andmekaitsetingimused<\/h1><\/div><div class=\"fusion-title title fusion-title-2 fusion-no-medium-visibility fusion-no-large-visibility fusion-sep-none fusion-title-center fusion-title-text fusion-title-size-one\"><h1 class=\"fusion-title-heading title-heading-center fusion-responsive-typography-calculated\" style=\"margin:0;--fontSize:64;line-height:var(--awb-typography1-line-height);\"><p>Andmekaitse-<br \/>\ntingimused<\/p><\/h1><\/div><div class=\"fusion-text fusion-text-1\"><p>Olde Hansa (edaspidi &#8220;meie&#8221;) on p\u00fchendunud teie privaatsuse kaitsmisele. K\u00e4esolev privaatsuspoliitika kirjeldab, kuidas me kogume, kasutame ja kaitseme teie isikuandmeid (\u201candmeid\u201d) vastavalt Eesti Vabariigi isikuandmete kaitse seadusele ja Euroopa Liidu \u00fcldisele andmekaitse m\u00e4\u00e4rusele (GDPR).<\/p>\n<ol>\n<li><strong> Kogutavad andmed<\/strong><\/li>\n<\/ol>\n<p>Olde Hansa t\u00f6\u00f6tleb oma klientide ja kontaktisikute andmeid, kes on avaldanud soovi tarbida meie teenuseid v\u00f5i on varasemalt meie teenuseid kasutanud.<\/p>\n<p>Meie veebisait v\u00f5ib koguda ja t\u00f6\u00f6delda j\u00e4rgmisi isikuandmeid:<\/p>\n<ul>\n<li><strong>Kontaktandmed:<\/strong> nimi, e-posti aadress, telefoninumber<\/li>\n<li><strong>Kasutusandmed:<\/strong> veebisaidi kasutuse info, sh IP-aadress, k\u00fclastuste sagedus ja kestus, lehevaated<\/li>\n<li><strong>Muud andmed:<\/strong> k\u00f5ik andmed, mille te olete meile vabatahtlikult esitanud, n\u00e4iteks kontaktivormide kaudu<\/li>\n<\/ul>\n<ol start=\"2\">\n<li><strong> Andmete kasutamine<\/strong><\/li>\n<\/ol>\n<p>Kogutud andmeid kasutame j\u00e4rgmistel eesm\u00e4rkidel:<\/p>\n<ul>\n<li>Teenuste pakkumiseks ja veebisaidi haldamiseks<\/li>\n<li>Teiega suhtlemiseks ja teie p\u00e4ringutele vastamiseks<\/li>\n<li>Parandamaks meie teenuseid ja kasutajakogemust<\/li>\n<li>\u00d5iguslike kohustuste t\u00e4itmiseks<\/li>\n<\/ul>\n<ol start=\"3\">\n<li><strong> \u00d5igused ja valikud<\/strong><\/li>\n<\/ol>\n<p>Teil on \u00f5igus:<\/p>\n<ul>\n<li>P\u00e4rida, milliseid andmeid me teie kohta t\u00f6\u00f6tleme<\/li>\n<li>N\u00f5uda andmete parandamist v\u00f5i kustutamist<\/li>\n<li>Piirata andmete t\u00f6\u00f6tlemist teatud tingimustel<\/li>\n<li>Esitada vastuv\u00e4iteid andmete t\u00f6\u00f6tlemisele<\/li>\n<li>Andmete \u00fclekantavuse \u00f5igus, mis v\u00f5imaldab teil oma andmeid edastada teisele teenusepakkujale<\/li>\n<\/ul>\n<ol start=\"4\">\n<li><strong> Andmete jagamine ja avalikustamine<\/strong><\/li>\n<\/ol>\n<p>Me ei jaga teie isikuandmeid kolmandate osapooltega, v\u00e4lja arvatud j\u00e4rgmistel juhtudel:<\/p>\n<ul>\n<li>Kui see on vajalik meie teenuste osutamiseks<\/li>\n<li>Kui see on vajalik \u00f5igusaktide j\u00e4rgimiseks v\u00f5i juriidiliste n\u00f5uete t\u00e4itmiseks<\/li>\n<li>Kui te olete andnud meile selleks selges\u00f5nalise n\u00f5usoleku<\/li>\n<\/ul>\n<ol start=\"5\">\n<li><strong> Andmete kaitse<\/strong><\/li>\n<\/ol>\n<p>Kasutame asjakohaseid tehnilisi ja korralduslikke meetmeid, et kaitsta teie isikuandmeid volitamata juurdep\u00e4\u00e4su, muutmise, avalikustamise v\u00f5i h\u00e4vitamise eest.<\/p>\n<ol start=\"6\">\n<li><strong> K\u00fcpsised ja j\u00e4lgimistehnoloogiad<\/strong><\/li>\n<\/ol>\n<p>Meie veebisait kasutab k\u00fcpsiseid ja sarnaseid tehnoloogiaid kasutajakogemuse parandamiseks ja anal\u00fc\u00fctiliste andmete kogumiseks.<\/p>\n<ol start=\"7\">\n<li><strong> Privaatsuspoliitika muudatused<\/strong><\/li>\n<\/ol>\n<p>J\u00e4tame endale \u00f5iguse muuta k\u00e4esolevat privaatsuspoliitikat igal ajal. K\u00f5ik muudatused avaldatakse meie veebisaidil. Soovitame teil regulaarselt tutvuda meie privaatsuspoliitikaga, et olla teadlik v\u00f5imalike muudatuste kohta.<\/p>\n<ol start=\"8\">\n<li><strong> Kontaktandmed<\/strong><\/li>\n<\/ol>\n<p>Kui teil on k\u00fcsimusi v\u00f5i muresid meie privaatsuspoliitika v\u00f5i andmet\u00f6\u00f6tluspraktikate kohta, v\u00f5tke meiega \u00fchendust:<\/p>\n<ul>\n<li>E-post: reserve@oldehansa.ee<\/li>\n<li>Telefon: +372 627 9020<\/li>\n<li>Aadress: Olde Hansa, Vana Turg 1, Tallinn, Eesti<\/li>\n<\/ul>\n<p>K\u00e4esolev privaatsuspoliitika on viimati uuendatud 1. juulil 2024.<\/p>\n<\/div><\/div><\/div><\/div><\/div>\n","protected":false},"excerpt":{"rendered":"","protected":false},"author":1,"featured_media":0,"parent":0,"menu_order":0,"comment_status":"closed","ping_status":"closed","template":"100-width.php","meta":{"_acf_changed":false,"footnotes":""},"class_list":["post-172","page","type-page","status-publish","hentry"],"acf":[],"yoast_head":"<!-- This site is optimized with the Yoast SEO plugin v23.5 - https:\/\/yoast.com\/wordpress\/plugins\/seo\/ -->\n<title>Privaatsuspoliitika - Olde Hansa<\/title>\n<meta name=\"robots\" content=\"noindex, nofollow\" \/>\n<meta property=\"og:locale\" content=\"et_EE\" \/>\n<meta property=\"og:type\" content=\"article\" \/>\n<meta property=\"og:title\" content=\"Privaatsuspoliitika - Olde Hansa\" \/>\n<meta property=\"og:url\" content=\"https:\/\/www.oldehansa.ee\/privacy-policy\/\" \/>\n<meta property=\"og:site_name\" content=\"Olde Hansa\" \/>\n<meta property=\"article:modified_time\" content=\"2024-09-24T12:00:17+00:00\" \/>\n<meta name=\"twitter:card\" content=\"summary_large_image\" \/>\n<meta name=\"twitter:label1\" content=\"Est. reading time\" \/>\n\t<meta name=\"twitter:data1\" content=\"2 minutit\" \/>\n<script type=\"application\/ld+json\" class=\"yoast-schema-graph\">{\"@context\":\"https:\/\/schema.org\",\"@graph\":[{\"@type\":\"WebPage\",\"@id\":\"https:\/\/www.oldehansa.ee\/privacy-policy\/\",\"url\":\"https:\/\/www.oldehansa.ee\/privacy-policy\/\",\"name\":\"Privaatsuspoliitika - Olde Hansa\",\"isPartOf\":{\"@id\":\"https:\/\/www.oldehansa.ee\/#website\"},\"datePublished\":\"2024-06-10T11:14:17+00:00\",\"dateModified\":\"2024-09-24T12:00:17+00:00\",\"breadcrumb\":{\"@id\":\"https:\/\/www.oldehansa.ee\/privacy-policy\/#breadcrumb\"},\"inLanguage\":\"et\",\"potentialAction\":[{\"@type\":\"ReadAction\",\"target\":[\"https:\/\/www.oldehansa.ee\/privacy-policy\/\"]}]},{\"@type\":\"BreadcrumbList\",\"@id\":\"https:\/\/www.oldehansa.ee\/privacy-policy\/#breadcrumb\",\"itemListElement\":[{\"@type\":\"ListItem\",\"position\":1,\"name\":\"Home\",\"item\":\"https:\/\/www.oldehansa.ee\/et\/\"},{\"@type\":\"ListItem\",\"position\":2,\"name\":\"Privaatsuspoliitika\"}]},{\"@type\":\"WebSite\",\"@id\":\"https:\/\/www.oldehansa.ee\/#website\",\"url\":\"https:\/\/www.oldehansa.ee\/\",\"name\":\"Olde Hansa\",\"description\":\"\",\"potentialAction\":[{\"@type\":\"SearchAction\",\"target\":{\"@type\":\"EntryPoint\",\"urlTemplate\":\"https:\/\/www.oldehansa.ee\/?s={search_term_string}\"},\"query-input\":{\"@type\":\"PropertyValueSpecification\",\"valueRequired\":true,\"valueName\":\"search_term_string\"}}],\"inLanguage\":\"et\"}]}<\/script>\n<!-- \/ Yoast SEO plugin. -->","yoast_head_json":{"title":"Privaatsuspoliitika - Olde Hansa","robots":{"index":"noindex","follow":"nofollow"},"og_locale":"et_EE","og_type":"article","og_title":"Privaatsuspoliitika - Olde Hansa","og_url":"https:\/\/www.oldehansa.ee\/privacy-policy\/","og_site_name":"Olde Hansa","article_modified_time":"2024-09-24T12:00:17+00:00","twitter_card":"summary_large_image","twitter_misc":{"Est. reading time":"2 minutit"},"schema":{"@context":"https:\/\/schema.org","@graph":[{"@type":"WebPage","@id":"https:\/\/www.oldehansa.ee\/privacy-policy\/","url":"https:\/\/www.oldehansa.ee\/privacy-policy\/","name":"Privaatsuspoliitika - Olde Hansa","isPartOf":{"@id":"https:\/\/www.oldehansa.ee\/#website"},"datePublished":"2024-06-10T11:14:17+00:00","dateModified":"2024-09-24T12:00:17+00:00","breadcrumb":{"@id":"https:\/\/www.oldehansa.ee\/privacy-policy\/#breadcrumb"},"inLanguage":"et","potentialAction":[{"@type":"ReadAction","target":["https:\/\/www.oldehansa.ee\/privacy-policy\/"]}]},{"@type":"BreadcrumbList","@id":"https:\/\/www.oldehansa.ee\/privacy-policy\/#breadcrumb","itemListElement":[{"@type":"ListItem","position":1,"name":"Home","item":"https:\/\/www.oldehansa.ee\/et\/"},{"@type":"ListItem","position":2,"name":"Privaatsuspoliitika"}]},{"@type":"WebSite","@id":"https:\/\/www.oldehansa.ee\/#website","url":"https:\/\/www.oldehansa.ee\/","name":"Olde Hansa","description":"","potentialAction":[{"@type":"SearchAction","target":{"@type":"EntryPoint","urlTemplate":"https:\/\/www.oldehansa.ee\/?s={search_term_string}"},"query-input":{"@type":"PropertyValueSpecification","valueRequired":true,"valueName":"search_term_string"}}],"inLanguage":"et"}]}},"_links":{"self":[{"href":"https:\/\/www.oldehansa.ee\/et\/wp-json\/wp\/v2\/pages\/172","targetHints":{"allow":["GET"]}}],"collection":[{"href":"https:\/\/www.oldehansa.ee\/et\/wp-json\/wp\/v2\/pages"}],"about":[{"href":"https:\/\/www.oldehansa.ee\/et\/wp-json\/wp\/v2\/types\/page"}],"author":[{"embeddable":true,"href":"https:\/\/www.oldehansa.ee\/et\/wp-json\/wp\/v2\/users\/1"}],"replies":[{"embeddable":true,"href":"https:\/\/www.oldehansa.ee\/et\/wp-json\/wp\/v2\/comments?post=172"}],"version-history":[{"count":4,"href":"https:\/\/www.oldehansa.ee\/et\/wp-json\/wp\/v2\/pages\/172\/revisions"}],"predecessor-version":[{"id":1579,"href":"https:\/\/www.oldehansa.ee\/et\/wp-json\/wp\/v2\/pages\/172\/revisions\/1579"}],"wp:attachment":[{"href":"https:\/\/www.oldehansa.ee\/et\/wp-json\/wp\/v2\/media?parent=172"}],"curies":[{"name":"wp","href":"https:\/\/api.w.org\/{rel}","templated":true}]}}